{"id":705,"date":"2015-02-18T19:24:08","date_gmt":"2015-02-18T19:24:08","guid":{"rendered":"http:\/\/scyr.fei.tuke.sk\/?page_id=705"},"modified":"2026-04-16T14:30:20","modified_gmt":"2026-04-16T14:30:20","slug":"contact","status":"publish","type":"page","link":"https:\/\/scyr.fei.tuke.sk\/index.php\/contact\/","title":{"rendered":"Contact"},"content":{"rendered":"<p><strong>General Inquiries<\/strong><br \/>\nAssoc. Prof. Karol Kyslan, PhD.<br \/>\nVice-Dean for Science and Research Activities &amp; Doctoral Studies<br \/>\nTechnical University of Ko\u0161ice<br \/>\nFaculty of Electrical Engineering and Informatics<br \/>\n\ud83d\udce7 karol.kyslan@tuke.sk | \ud83d\udcde +421 55 602 2024<\/p>\n<p>&nbsp;<\/p>\n<p><strong>Proceedings-Related Inquiries<\/strong><br \/>\nIng. Luk\u00e1\u0161 Pancur\u00e1k, PhD.<br \/>\npostdoctoral researcher<br \/>\nTechnical University of Ko\u0161ice<br \/>\nFaculty of Electrical Engineering and Informatics<br \/>\nDepartment of Electrical Engineering and Mechatronics<br \/>\n\ud83d\udce7 lukas.pancurak@tuke.sk<\/p>","protected":false},"excerpt":{"rendered":"<p>General Inquiries Assoc. Prof. Karol Kyslan, PhD. Vice-Dean for Science and Research Activities &amp; Doctoral Studies Technical University of Ko\u0161ice Faculty of Electrical Engineering and Informatics \ud83d\udce7 karol.kyslan@tuke.sk | \ud83d\udcde +421 55 602 2024 &nbsp; Proceedings-Related Inquiries Ing. Luk\u00e1\u0161 Pancur\u00e1k, PhD. postdoctoral researcher Technical University of Ko\u0161ice Faculty of Electrical Engineering and Informatics Department of &hellip; <\/p>","protected":false},"author":7,"featured_media":0,"parent":0,"menu_order":0,"comment_status":"closed","ping_status":"closed","template":"","meta":{"footnotes":""},"class_list":["post-705","page","type-page","status-publish","hentry"],"_links":{"self":[{"href":"https:\/\/scyr.fei.tuke.sk\/index.php\/wp-json\/wp\/v2\/pages\/705","targetHints":{"allow":["GET"]}}],"collection":[{"href":"https:\/\/scyr.fei.tuke.sk\/index.php\/wp-json\/wp\/v2\/pages"}],"about":[{"href":"https:\/\/scyr.fei.tuke.sk\/index.php\/wp-json\/wp\/v2\/types\/page"}],"author":[{"embeddable":true,"href":"https:\/\/scyr.fei.tuke.sk\/index.php\/wp-json\/wp\/v2\/users\/7"}],"replies":[{"embeddable":true,"href":"https:\/\/scyr.fei.tuke.sk\/index.php\/wp-json\/wp\/v2\/comments?post=705"}],"version-history":[{"count":13,"href":"https:\/\/scyr.fei.tuke.sk\/index.php\/wp-json\/wp\/v2\/pages\/705\/revisions"}],"predecessor-version":[{"id":6221,"href":"https:\/\/scyr.fei.tuke.sk\/index.php\/wp-json\/wp\/v2\/pages\/705\/revisions\/6221"}],"wp:attachment":[{"href":"https:\/\/scyr.fei.tuke.sk\/index.php\/wp-json\/wp\/v2\/media?parent=705"}],"curies":[{"name":"wp","href":"https:\/\/api.w.org\/{rel}","templated":true}]}}