{"id":873,"date":"2016-05-03T09:30:05","date_gmt":"2016-05-03T09:30:05","guid":{"rendered":"http:\/\/scyr.fei.tuke.sk\/?page_id=12"},"modified":"2026-04-29T13:23:43","modified_gmt":"2026-04-29T13:23:43","slug":"committes","status":"publish","type":"page","link":"https:\/\/scyr.fei.tuke.sk\/index.php\/committes\/","title":{"rendered":"Committees"},"content":{"rendered":"<h5><span style=\"font-size: 12pt;\">General chair\u00a0<\/span><\/h5>\n<p>Prof. Ing. Liberios Vokorokos, PhD.<br \/>\nDean of the Faculty of Electrical Engineering and Informatics<\/p>\n<h5><span style=\"font-size: 12pt;\">Conference Chairmen\u00a0<\/span><\/h5>\n<p>Assoc. Prof. Ing. Karol Kyslan, PhD.<br \/>\nAssoc. Prof. Ing. Em\u00edlia Pietrikov\u00e1, PhD.<\/p>\n<h5><span style=\"font-size: 12pt;\">Scientific Committee<\/span><\/h5>\n<p>Ing. Tibor Gujdan, Fpt Slovakia<br \/>\nIng. Juraj Buj\u0148\u00e1k, PhD., Siemens Healthineers<br \/>\nIng. Alexander Rev\u00e1k, Magna Electronics Slovakia<br \/>\nIng. Martin \u010certick\u00fd, PhD., Caterpillar Slovakia<br \/>\nIng. J\u00e1n \u0160epe\u013ea, BSH Drives and Pumps<br \/>\nAssoc. Prof. Ing. Jaroslav D\u017emura, PhD.<br \/>\nProf. RNDr. Vladim\u00edr Lis\u00fd, DrSc.<br \/>\nProf. Ing. Alena Pietrikov\u00e1, CSc.<br \/>\nAssoc. Prof. Marek P\u00e1stor, PhD.<br \/>\nAssoc. Prof. Ing. Franti\u0161ek Babi\u010d, PhD.<br \/>\nAssoc. Prof. Ing. Em\u00edlia Pietrikov\u00e1, PhD.<br \/>\nAssoc. Prof. Ing. Peter Feci\u013eak, PhD.<br \/>\nAssoc. Prof. Peter Papcun, PhD.<br \/>\nAssoc. Prof. Ing. Mat\u00fa\u0161 Pleva, PhD.<br \/>\nAssoc. Prof. Ing. Stanislav Ond\u00e1\u0161, PhD.<br \/>\nAssoc. Prof. Norbert \u00c1dam, PhD.<br \/>\nAssoc. Prof. Martin Sarnovsk\u00fd, PhD.<\/p>\n<h5><span style=\"font-size: 12pt;\">Organizing Committee<\/span><\/h5>\n<p>Ing. Ivana Ol\u0161iakova<br \/>\nIng. Luk\u00e1\u0161 Pancur\u00e1k, PhD.<br \/>\nIng. Peter \u0160ofranko<br \/>\nIng. Juraj Kov\u00e1\u010d<br \/>\nIng. Daniel \u0160olc<br \/>\nIng. Peter Nemergut<br \/>\nIng. Michaela Le\u013eov\u00e1<br \/>\nIng. Samuel Onufer<br \/>\nIng. Richard Kr\u00e1l<br \/>\nIng. Matej Va\u013eko<\/p>","protected":false},"excerpt":{"rendered":"<p>General chair\u00a0 Prof. Ing. Liberios Vokorokos, PhD. Dean of the Faculty of Electrical Engineering and Informatics Conference Chairmen\u00a0 Assoc. Prof. Ing. Karol Kyslan, PhD. Assoc. Prof. Ing. Em\u00edlia Pietrikov\u00e1, PhD. Scientific Committee Ing. Tibor Gujdan, Fpt Slovakia Ing. Juraj Buj\u0148\u00e1k, PhD., Siemens Healthineers Ing. Alexander Rev\u00e1k, Magna Electronics Slovakia Ing. Martin \u010certick\u00fd, PhD., Caterpillar Slovakia &hellip; <\/p>","protected":false},"author":7,"featured_media":0,"parent":0,"menu_order":0,"comment_status":"closed","ping_status":"closed","template":"","meta":{"footnotes":""},"class_list":["post-873","page","type-page","status-publish","hentry"],"_links":{"self":[{"href":"https:\/\/scyr.fei.tuke.sk\/index.php\/wp-json\/wp\/v2\/pages\/873","targetHints":{"allow":["GET"]}}],"collection":[{"href":"https:\/\/scyr.fei.tuke.sk\/index.php\/wp-json\/wp\/v2\/pages"}],"about":[{"href":"https:\/\/scyr.fei.tuke.sk\/index.php\/wp-json\/wp\/v2\/types\/page"}],"author":[{"embeddable":true,"href":"https:\/\/scyr.fei.tuke.sk\/index.php\/wp-json\/wp\/v2\/users\/7"}],"replies":[{"embeddable":true,"href":"https:\/\/scyr.fei.tuke.sk\/index.php\/wp-json\/wp\/v2\/comments?post=873"}],"version-history":[{"count":66,"href":"https:\/\/scyr.fei.tuke.sk\/index.php\/wp-json\/wp\/v2\/pages\/873\/revisions"}],"predecessor-version":[{"id":6223,"href":"https:\/\/scyr.fei.tuke.sk\/index.php\/wp-json\/wp\/v2\/pages\/873\/revisions\/6223"}],"wp:attachment":[{"href":"https:\/\/scyr.fei.tuke.sk\/index.php\/wp-json\/wp\/v2\/media?parent=873"}],"curies":[{"name":"wp","href":"https:\/\/api.w.org\/{rel}","templated":true}]}}